{"id":8,"date":"2025-04-23T11:34:19","date_gmt":"2025-04-23T09:34:19","guid":{"rendered":"https:\/\/ankietasemperit.pl\/?page_id=8"},"modified":"2025-04-23T12:19:24","modified_gmt":"2025-04-23T10:19:24","slug":"ankieta-semperit","status":"publish","type":"page","link":"https:\/\/ankietasemperit.pl\/","title":{"rendered":"Ankieta Semperit"},"content":{"rendered":"\t\t<div data-elementor-type=\"wp-post\" data-elementor-id=\"8\" class=\"elementor elementor-8\" data-elementor-post-type=\"page\">\n\t\t\t\t<div class=\"elementor-element elementor-element-e30f015 e-flex e-con-boxed e-con e-parent\" data-id=\"e30f015\" data-element_type=\"container\" data-settings=\"{&quot;background_background&quot;:&quot;classic&quot;}\">\n\t\t\t\t\t<div class=\"e-con-inner\">\n\t\t\t\t<div class=\"elementor-element elementor-element-bb14b6f elementor-widget elementor-widget-image\" data-id=\"bb14b6f\" data-element_type=\"widget\" data-widget_type=\"image.default\">\n\t\t\t\t<div class=\"elementor-widget-container\">\n\t\t\t\t\t\t\t\t\t\t\t\t\t\t\t<img decoding=\"async\" width=\"200\" height=\"38\" src=\"https:\/\/ankietasemperit.pl\/wp-content\/uploads\/2025\/04\/semperitlogo-1-qvcqtu052lvs8kkq61kilcsw6im2mxk99pbpzxwozg.png\" class=\"attachment-large size-large wp-image-49\" alt=\"\" \/>\t\t\t\t\t\t\t\t\t\t\t\t\t\t\t<\/div>\n\t\t\t\t<\/div>\n\t\t\t\t\t<\/div>\n\t\t\t\t<\/div>\n\t\t<div class=\"elementor-element elementor-element-9ff4b0d e-flex e-con-boxed e-con e-parent\" data-id=\"9ff4b0d\" data-element_type=\"container\" data-settings=\"{&quot;background_background&quot;:&quot;classic&quot;}\">\n\t\t\t\t\t<div class=\"e-con-inner\">\n\t\t\t\t\t<\/div>\n\t\t\t\t<\/div>\n\t\t<div class=\"elementor-element elementor-element-3d2bb1f e-con-full e-flex e-con e-parent\" data-id=\"3d2bb1f\" data-element_type=\"container\" data-settings=\"{&quot;background_background&quot;:&quot;classic&quot;}\">\n\t\t<div class=\"elementor-element elementor-element-c93b4c1 e-con-full e-flex e-con e-child\" data-id=\"c93b4c1\" data-element_type=\"container\" data-settings=\"{&quot;background_background&quot;:&quot;classic&quot;}\">\n\t\t\t\t<div class=\"elementor-element elementor-element-2f7f141 elementor-widget elementor-widget-heading\" data-id=\"2f7f141\" data-element_type=\"widget\" data-widget_type=\"heading.default\">\n\t\t\t\t<div class=\"elementor-widget-container\">\n\t\t\t\t\t<h2 class=\"elementor-heading-title elementor-size-default\">Odpowiedz na par\u0119 pyta\u0144 o mark\u0119 Semperit<\/h2>\t\t\t\t<\/div>\n\t\t\t\t<\/div>\n\t\t\t\t<div class=\"elementor-element elementor-element-51bb908 elementor-widget elementor-widget-shortcode\" data-id=\"51bb908\" data-element_type=\"widget\" data-widget_type=\"shortcode.default\">\n\t\t\t\t<div class=\"elementor-widget-container\">\n\t\t\t\t\t\t\t<div class=\"elementor-shortcode\">\n<div class=\"wpcf7 no-js\" id=\"wpcf7-f6-o1\" lang=\"pl-PL\" dir=\"ltr\" data-wpcf7-id=\"6\">\n<div class=\"screen-reader-response\"><p role=\"status\" aria-live=\"polite\" aria-atomic=\"true\"><\/p> <ul><\/ul><\/div>\n<form action=\"\/index.php\/wp-json\/wp\/v2\/pages\/8#wpcf7-f6-o1\" method=\"post\" class=\"wpcf7-form init\" aria-label=\"Formularz kontaktowy\" novalidate=\"novalidate\" data-status=\"init\">\n<div style=\"display: none;\">\n<input type=\"hidden\" name=\"_wpcf7\" value=\"6\" \/>\n<input type=\"hidden\" name=\"_wpcf7_version\" value=\"6.0.6\" \/>\n<input type=\"hidden\" name=\"_wpcf7_locale\" value=\"pl_PL\" \/>\n<input type=\"hidden\" name=\"_wpcf7_unit_tag\" value=\"wpcf7-f6-o1\" \/>\n<input type=\"hidden\" name=\"_wpcf7_container_post\" value=\"0\" \/>\n<input type=\"hidden\" name=\"_wpcf7_posted_data_hash\" value=\"\" \/>\n<input type=\"hidden\" name=\"_wpcf7cf_hidden_group_fields\" value=\"[]\" \/>\n<input type=\"hidden\" name=\"_wpcf7cf_hidden_groups\" value=\"[]\" \/>\n<input type=\"hidden\" name=\"_wpcf7cf_visible_groups\" value=\"[]\" \/>\n<input type=\"hidden\" name=\"_wpcf7cf_repeaters\" value=\"[]\" \/>\n<input type=\"hidden\" name=\"_wpcf7cf_steps\" value=\"{}\" \/>\n<input type=\"hidden\" name=\"_wpcf7cf_options\" value=\"{&quot;form_id&quot;:6,&quot;conditions&quot;:[{&quot;then_field&quot;:&quot;pytania&quot;,&quot;and_rules&quot;:[{&quot;if_field&quot;:&quot;NIP&quot;,&quot;operator&quot;:&quot;not empty&quot;,&quot;if_value&quot;:&quot;&quot;}]},{&quot;then_field&quot;:&quot;Kupowane&quot;,&quot;and_rules&quot;:[{&quot;if_field&quot;:&quot;sa-kupowane&quot;,&quot;operator&quot;:&quot;equals (regex)&quot;,&quot;if_value&quot;:&quot;Tak&quot;}]},{&quot;then_field&quot;:&quot;Niekupowane&quot;,&quot;and_rules&quot;:[{&quot;if_field&quot;:&quot;sa-kupowane&quot;,&quot;operator&quot;:&quot;equals (regex)&quot;,&quot;if_value&quot;:&quot;Nie&quot;}]}],&quot;settings&quot;:{&quot;animation&quot;:&quot;yes&quot;,&quot;animation_intime&quot;:200,&quot;animation_outtime&quot;:200,&quot;conditions_ui&quot;:&quot;normal&quot;,&quot;notice_dismissed&quot;:false}}\" \/>\n<\/div>\n<div class=\"form-data\">\n\t<div class=\"opis-big\">\n\t\t<p>Wpisz sw\u00f3j NIP\n\t\t<\/p>\n\t<\/div>\n\t<p><span class=\"wpcf7-form-control-wrap\" data-name=\"NIP\"><input size=\"40\" maxlength=\"400\" class=\"wpcf7-form-control wpcf7-text wpcf7-validates-as-required\" aria-required=\"true\" aria-invalid=\"false\" placeholder=\"NIP\" value=\"\" type=\"text\" name=\"NIP\" \/><\/span>\n\t<\/p>\n\t<p><span><\/span><br \/>\n<span><\/span>\n\t<\/p>\n\t<div data-id=\"pytania\" data-orig_data_id=\"pytania\" data-clear_on_hide data-class=\"wpcf7cf_group\">\n\t\t<div class=\"checkbox-wrapper\">\n\t\t\t<div class=\"opis-big\">\n\t\t\t\t<p>Czy w Pa\u0144stwa warsztacie oferowane lub kupowane s\u0105 opony marki Semperit?\n\t\t\t\t<\/p>\n\t\t\t<\/div>\n\t\t\t<p><span class=\"wpcf7-form-control-wrap\" data-name=\"sa-kupowane\"><span class=\"wpcf7-form-control wpcf7-radio\"><span class=\"wpcf7-list-item first\"><label><input type=\"radio\" name=\"sa-kupowane\" value=\"Tak\" \/><span class=\"wpcf7-list-item-label\">Tak<\/span><\/label><\/span><span class=\"wpcf7-list-item last\"><label><input type=\"radio\" name=\"sa-kupowane\" value=\"Nie\" \/><span class=\"wpcf7-list-item-label\">Nie<\/span><\/label><\/span><\/span><\/span><br \/>\n<span><\/span><br \/>\n<span><\/span>\n\t\t\t<\/p>\n\t\t<\/div>\n\t<\/div>\n\t<div data-id=\"Kupowane\" data-orig_data_id=\"Kupowane\" data-clear_on_hide data-class=\"wpcf7cf_group\">\n\t\t<div class=\"opis-big\">\n\t\t\t<p>Czy uwa\u017casz opony Semperit za godne polecenia klientom?\n\t\t\t<\/p>\n\t\t<\/div>\n\t\t<p><span class=\"wpcf7-form-control-wrap\" data-name=\"godne-polecenia\"><span class=\"wpcf7-form-control wpcf7-radio\"><span class=\"wpcf7-list-item first\"><label><input type=\"radio\" name=\"godne-polecenia\" value=\"Zdecydowanie si\u0119 zgadzam\" \/><span class=\"wpcf7-list-item-label\">Zdecydowanie si\u0119 zgadzam<\/span><\/label><\/span><span class=\"wpcf7-list-item\"><label><input type=\"radio\" name=\"godne-polecenia\" value=\"Zgadzam si\u0119\" \/><span class=\"wpcf7-list-item-label\">Zgadzam si\u0119<\/span><\/label><\/span><span class=\"wpcf7-list-item\"><label><input type=\"radio\" name=\"godne-polecenia\" value=\"Nie zgadzam si\u0119\" \/><span class=\"wpcf7-list-item-label\">Nie zgadzam si\u0119<\/span><\/label><\/span><span class=\"wpcf7-list-item last\"><label><input type=\"radio\" name=\"godne-polecenia\" value=\"Zdecydowanie si\u0119 nie zgadzam\" \/><span class=\"wpcf7-list-item-label\">Zdecydowanie si\u0119 nie zgadzam<\/span><\/label><\/span><\/span><\/span><br \/>\n<span><\/span><br \/>\n<span><\/span>\n\t\t<\/p>\n\t\t<div class=\"opis-big\">\n\t\t\t<p>Czy uwa\u017casz, \u017ce opony Semperit maj\u0105 dobr\u0105 relacj\u0119 jako\u015bci do ceny?\n\t\t\t<\/p>\n\t\t<\/div>\n\t\t<p><span class=\"wpcf7-form-control-wrap\" data-name=\"jakosc-do-ceny\"><span class=\"wpcf7-form-control wpcf7-radio\"><span class=\"wpcf7-list-item first\"><label><input type=\"radio\" name=\"jakosc-do-ceny\" value=\"Zdecydowanie si\u0119 zgadzam\" \/><span class=\"wpcf7-list-item-label\">Zdecydowanie si\u0119 zgadzam<\/span><\/label><\/span><span class=\"wpcf7-list-item\"><label><input type=\"radio\" name=\"jakosc-do-ceny\" value=\"Zgadzam si\u0119\" \/><span class=\"wpcf7-list-item-label\">Zgadzam si\u0119<\/span><\/label><\/span><span class=\"wpcf7-list-item\"><label><input type=\"radio\" name=\"jakosc-do-ceny\" value=\"Nie zgadzam si\u0119\" \/><span class=\"wpcf7-list-item-label\">Nie zgadzam si\u0119<\/span><\/label><\/span><span class=\"wpcf7-list-item last\"><label><input type=\"radio\" name=\"jakosc-do-ceny\" value=\"Zdecydowanie si\u0119 nie zgadzam\" \/><span class=\"wpcf7-list-item-label\">Zdecydowanie si\u0119 nie zgadzam<\/span><\/label><\/span><\/span><\/span><br \/>\n<span><\/span><br \/>\n<span><\/span>\n\t\t<\/p>\n\t\t<div class=\"opis-big\">\n\t\t\t<p>Czy uwa\u017casz, \u017ce marka Semperit jest dobrze rozpoznawalna przez klient\u00f3w mojego warsztatu?\n\t\t\t<\/p>\n\t\t<\/div>\n\t\t<p><span class=\"wpcf7-form-control-wrap\" data-name=\"rozpoznawalna\"><span class=\"wpcf7-form-control wpcf7-radio\"><span class=\"wpcf7-list-item first\"><label><input type=\"radio\" name=\"rozpoznawalna\" value=\"Zdecydowanie si\u0119 zgadzam\" \/><span class=\"wpcf7-list-item-label\">Zdecydowanie si\u0119 zgadzam<\/span><\/label><\/span><span class=\"wpcf7-list-item\"><label><input type=\"radio\" name=\"rozpoznawalna\" value=\"Zgadzam si\u0119\" \/><span class=\"wpcf7-list-item-label\">Zgadzam si\u0119<\/span><\/label><\/span><span class=\"wpcf7-list-item\"><label><input type=\"radio\" name=\"rozpoznawalna\" value=\"Nie zgadzam si\u0119\" \/><span class=\"wpcf7-list-item-label\">Nie zgadzam si\u0119<\/span><\/label><\/span><span class=\"wpcf7-list-item last\"><label><input type=\"radio\" name=\"rozpoznawalna\" value=\"Zdecydowanie si\u0119 nie zgadzam\" \/><span class=\"wpcf7-list-item-label\">Zdecydowanie si\u0119 nie zgadzam<\/span><\/label><\/span><\/span><\/span><br \/>\n<span><\/span><br \/>\n<span><\/span>\n\t\t<\/p>\n\t\t<div class=\"opis-big\">\n\t\t\t<p>Obs\u0142uga i dost\u0119pno\u015b\u0107 opon Semperit u dostawcy spe\u0142nia twoje oczekiwania?\n\t\t\t<\/p>\n\t\t<\/div>\n\t\t<p><span class=\"wpcf7-form-control-wrap\" data-name=\"obsluga-dostepnosc\"><span class=\"wpcf7-form-control wpcf7-radio\"><span class=\"wpcf7-list-item first\"><label><input type=\"radio\" name=\"obsluga-dostepnosc\" value=\"Zdecydowanie si\u0119 zgadzam\" \/><span class=\"wpcf7-list-item-label\">Zdecydowanie si\u0119 zgadzam<\/span><\/label><\/span><span class=\"wpcf7-list-item\"><label><input type=\"radio\" name=\"obsluga-dostepnosc\" value=\"Zgadzam si\u0119\" \/><span class=\"wpcf7-list-item-label\">Zgadzam si\u0119<\/span><\/label><\/span><span class=\"wpcf7-list-item\"><label><input type=\"radio\" name=\"obsluga-dostepnosc\" value=\"Nie zgadzam si\u0119\" \/><span class=\"wpcf7-list-item-label\">Nie zgadzam si\u0119<\/span><\/label><\/span><span class=\"wpcf7-list-item last\"><label><input type=\"radio\" name=\"obsluga-dostepnosc\" value=\"Zdecydowanie si\u0119 nie zgadzam\" \/><span class=\"wpcf7-list-item-label\">Zdecydowanie si\u0119 nie zgadzam<\/span><\/label><\/span><\/span><\/span><br \/>\n<span><\/span><br \/>\n<span><\/span>\n\t\t<\/p>\n\t\t<div class=\"opis-big\">\n\t\t\t<p>Udzia\u0142 sprzeda\u017cy opon w og\u00f3lnym biznesie Twojego warsztatu jest dla Ciebie istotny?\n\t\t\t<\/p>\n\t\t<\/div>\n\t\t<p><span class=\"wpcf7-form-control-wrap\" data-name=\"udzial-sprzedazy\"><span class=\"wpcf7-form-control wpcf7-radio\"><span class=\"wpcf7-list-item first\"><label><input type=\"radio\" name=\"udzial-sprzedazy\" value=\"Zdecydowanie si\u0119 zgadzam\" \/><span class=\"wpcf7-list-item-label\">Zdecydowanie si\u0119 zgadzam<\/span><\/label><\/span><span class=\"wpcf7-list-item\"><label><input type=\"radio\" name=\"udzial-sprzedazy\" value=\"Zgadzam si\u0119\" \/><span class=\"wpcf7-list-item-label\">Zgadzam si\u0119<\/span><\/label><\/span><span class=\"wpcf7-list-item\"><label><input type=\"radio\" name=\"udzial-sprzedazy\" value=\"Nie zgadzam si\u0119\" \/><span class=\"wpcf7-list-item-label\">Nie zgadzam si\u0119<\/span><\/label><\/span><span class=\"wpcf7-list-item last\"><label><input type=\"radio\" name=\"udzial-sprzedazy\" value=\"Zdecydowanie si\u0119 nie zgadzam\" \/><span class=\"wpcf7-list-item-label\">Zdecydowanie si\u0119 nie zgadzam<\/span><\/label><\/span><\/span><\/span>\n\t\t<\/p>\n\t<\/div>\n\t<div data-id=\"Niekupowane\" data-orig_data_id=\"Niekupowane\" data-clear_on_hide data-class=\"wpcf7cf_group\">\n\t\t<div class=\"checkbox-wrapper\">\n\t\t\t<div class=\"opis-big\">\n\t\t\t\t<p>Zaznacz g\u0142\u00f3wny pow\u00f3d lub powody, dla kt\u00f3rych nie oferujesz opon marki Semperit w swoim warsztacie?\n\t\t\t\t<\/p>\n\t\t\t<\/div>\n\t\t\t<p><span class=\"wpcf7-form-control-wrap\" data-name=\"czemu-niekupuje\"><span class=\"wpcf7-form-control wpcf7-checkbox wpcf7-validates-as-required\"><span class=\"wpcf7-list-item first\"><label><input type=\"checkbox\" name=\"czemu-niekupuje[]\" value=\"Nie znam tej marki\" \/><span class=\"wpcf7-list-item-label\">Nie znam tej marki<\/span><\/label><\/span><span class=\"wpcf7-list-item\"><label><input type=\"checkbox\" name=\"czemu-niekupuje[]\" value=\"Zbyt wysoka cena\" \/><span class=\"wpcf7-list-item-label\">Zbyt wysoka cena<\/span><\/label><\/span><span class=\"wpcf7-list-item\"><label><input type=\"checkbox\" name=\"czemu-niekupuje[]\" value=\"Problemy z dost\u0119pno\u015bci\u0105\" \/><span class=\"wpcf7-list-item-label\">Problemy z dost\u0119pno\u015bci\u0105<\/span><\/label><\/span><span class=\"wpcf7-list-item\"><label><input type=\"checkbox\" name=\"czemu-niekupuje[]\" value=\"Oferujemy inne marki\" \/><span class=\"wpcf7-list-item-label\">Oferujemy inne marki<\/span><\/label><\/span><span class=\"wpcf7-list-item last\"><label><input type=\"checkbox\" name=\"czemu-niekupuje[]\" value=\"Ma\u0142e zaznaczenie sprzeda\u017cy opon w naszym biznesie\" \/><span class=\"wpcf7-list-item-label\">Ma\u0142e zaznaczenie sprzeda\u017cy opon w naszym biznesie<\/span><\/label><\/span><\/span><\/span>\n\t\t\t<\/p>\n\t\t<\/div>\n\t\t<p><span><\/span><br \/>\n<span><\/span>\n\t\t<\/p>\n\t\t<div class=\"opis-big\">\n\t\t\t<p>Czy byliby pa\u0144stwo zainteresowani przetestowaniem opon marki Semperit w przysz\u0142o\u015bci?\n\t\t\t<\/p>\n\t\t<\/div>\n\t\t<p><span class=\"wpcf7-form-control-wrap\" data-name=\"zainteresowani\"><span class=\"wpcf7-form-control wpcf7-radio\"><span class=\"wpcf7-list-item first\"><label><input type=\"radio\" name=\"zainteresowani\" value=\"Tak\" \/><span class=\"wpcf7-list-item-label\">Tak<\/span><\/label><\/span><span class=\"wpcf7-list-item\"><label><input type=\"radio\" name=\"zainteresowani\" value=\"Nie\" \/><span class=\"wpcf7-list-item-label\">Nie<\/span><\/label><\/span><span class=\"wpcf7-list-item last\"><label><input type=\"radio\" name=\"zainteresowani\" value=\"Trudno powiedzie\u0107\" \/><span class=\"wpcf7-list-item-label\">Trudno powiedzie\u0107<\/span><\/label><\/span><\/span><\/span>\n\t\t<\/p>\n\t<\/div>\n<\/div>\n<p><input class=\"wpcf7-form-control wpcf7-submit has-spinner btn btn--orange btn--large\" type=\"submit\" value=\"Wy\u015blij\" \/>\n<\/p><div class=\"wpcf7-response-output\" aria-hidden=\"true\"><\/div>\n<\/form>\n<\/div>\n<\/div>\n\t\t\t\t\t\t<\/div>\n\t\t\t\t<\/div>\n\t\t\t\t<\/div>\n\t\t\t\t<\/div>\n\t\t\t\t<\/div>\n\t\t","protected":false},"excerpt":{"rendered":"<p>Odpowiedz na par\u0119 pyta\u0144 o mark\u0119 Semperit<\/p>\n","protected":false},"author":1,"featured_media":0,"parent":0,"menu_order":0,"comment_status":"closed","ping_status":"closed","template":"","meta":{"footnotes":""},"class_list":["post-8","page","type-page","status-publish","hentry"],"_links":{"self":[{"href":"https:\/\/ankietasemperit.pl\/index.php\/wp-json\/wp\/v2\/pages\/8","targetHints":{"allow":["GET"]}}],"collection":[{"href":"https:\/\/ankietasemperit.pl\/index.php\/wp-json\/wp\/v2\/pages"}],"about":[{"href":"https:\/\/ankietasemperit.pl\/index.php\/wp-json\/wp\/v2\/types\/page"}],"author":[{"embeddable":true,"href":"https:\/\/ankietasemperit.pl\/index.php\/wp-json\/wp\/v2\/users\/1"}],"replies":[{"embeddable":true,"href":"https:\/\/ankietasemperit.pl\/index.php\/wp-json\/wp\/v2\/comments?post=8"}],"version-history":[{"count":56,"href":"https:\/\/ankietasemperit.pl\/index.php\/wp-json\/wp\/v2\/pages\/8\/revisions"}],"predecessor-version":[{"id":73,"href":"https:\/\/ankietasemperit.pl\/index.php\/wp-json\/wp\/v2\/pages\/8\/revisions\/73"}],"wp:attachment":[{"href":"https:\/\/ankietasemperit.pl\/index.php\/wp-json\/wp\/v2\/media?parent=8"}],"curies":[{"name":"wp","href":"https:\/\/api.w.org\/{rel}","templated":true}]}}